{"id":5698,"date":"2025-06-25T09:50:28","date_gmt":"2025-06-25T07:50:28","guid":{"rendered":"https:\/\/ajrm.de\/?page_id=5698"},"modified":"2025-06-25T10:14:29","modified_gmt":"2025-06-25T08:14:29","slug":"normas-de-proteccion-de-datos","status":"publish","type":"page","link":"https:\/\/ajrm.de\/es\/normas-de-proteccion-de-datos\/","title":{"rendered":"NORMAS DE PROTECCI\u00d3N DE DATOS"},"content":{"rendered":"<div class=\"outer c3\">\n<div id=\"c684\" class=\"csc-default\">\n<p class=\"bodytext\">Wenn Sie auf dieser Website das Anmeldeformular ausf\u00fcllen, werden von uns<br \/>\npers\u00f6nliche Daten erhoben. Diese Daten werden selbstverst\u00e4ndlich vertraulich<br \/>\nbehandelt und in keinem Fall an Dritte weitergegeben. Sollten Sie nicht damit<br \/>\neinverstanden sein, dass wir Daten erheben, bitten wir Sie davon abzusehen, die<br \/>\nentsprechenden Formulare auszuf\u00fcllen. Bitte haben Sie Verst\u00e4ndnis daf\u00fcr, dass<br \/>\nSie in diesem Fall nicht alle Inhalte der Website nutzen k\u00f6nnen. Auf Ihren<br \/>\nWunsch hin, werden wir selbstverst\u00e4ndlich alle \u00fcber Sie gespeicherten Daten<br \/>\nsofort unwiderruflich l\u00f6schen, sobald Sie uns dazu auffordern.<\/p>\n<\/div>\n<\/div>\n","protected":false},"excerpt":{"rendered":"<p>Wenn Sie auf dieser Website das Anmeldeformular ausf\u00fcllen, werden von uns pers\u00f6nliche Daten erhoben. Diese Daten werden selbstverst\u00e4ndlich vertraulich behandelt und in keinem Fall an Dritte weitergegeben. Sollten Sie nicht damit einverstanden sein, dass wir Daten erheben, bitten wir Sie davon abzusehen, die entsprechenden Formulare auszuf\u00fcllen. Bitte haben Sie Verst\u00e4ndnis daf\u00fcr, dass Sie in diesem&hellip;&nbsp;<a href=\"https:\/\/ajrm.de\/es\/normas-de-proteccion-de-datos\/\" rel=\"bookmark\"><span class=\"screen-reader-text\">NORMAS DE PROTECCI\u00d3N DE DATOS<\/span><\/a><\/p>\n","protected":false},"author":10,"featured_media":0,"parent":0,"menu_order":0,"comment_status":"closed","ping_status":"closed","template":"","meta":{"_coblocks_attr":"","_coblocks_dimensions":"","_coblocks_responsive_height":"","_coblocks_accordion_ie_support":"","neve_meta_sidebar":"","neve_meta_container":"","neve_meta_enable_content_width":"","neve_meta_content_width":0,"neve_meta_title_alignment":"","neve_meta_author_avatar":"","neve_post_elements_order":"","neve_meta_disable_header":"","neve_meta_disable_footer":"","neve_meta_disable_title":"","footnotes":""},"class_list":["post-5698","page","type-page","status-publish","hentry"],"_links":{"self":[{"href":"https:\/\/ajrm.de\/es\/wp-json\/wp\/v2\/pages\/5698","targetHints":{"allow":["GET"]}}],"collection":[{"href":"https:\/\/ajrm.de\/es\/wp-json\/wp\/v2\/pages"}],"about":[{"href":"https:\/\/ajrm.de\/es\/wp-json\/wp\/v2\/types\/page"}],"author":[{"embeddable":true,"href":"https:\/\/ajrm.de\/es\/wp-json\/wp\/v2\/users\/10"}],"replies":[{"embeddable":true,"href":"https:\/\/ajrm.de\/es\/wp-json\/wp\/v2\/comments?post=5698"}],"version-history":[{"count":1,"href":"https:\/\/ajrm.de\/es\/wp-json\/wp\/v2\/pages\/5698\/revisions"}],"predecessor-version":[{"id":5699,"href":"https:\/\/ajrm.de\/es\/wp-json\/wp\/v2\/pages\/5698\/revisions\/5699"}],"wp:attachment":[{"href":"https:\/\/ajrm.de\/es\/wp-json\/wp\/v2\/media?parent=5698"}],"curies":[{"name":"wp","href":"https:\/\/api.w.org\/{rel}","templated":true}]}}