{"id":5634,"date":"2025-06-18T15:55:27","date_gmt":"2025-06-18T13:55:27","guid":{"rendered":"https:\/\/ajrm.de\/homepage\/"},"modified":"2025-06-25T11:03:42","modified_gmt":"2025-06-25T09:03:42","slug":"homepage","status":"publish","type":"page","link":"https:\/\/ajrm.de\/es\/","title":{"rendered":"PREMIO WALTER WITTKE"},"content":{"rendered":"\n<div class=\"alignnormal\"><div id=\"metaslider-id-5488\" style=\"width: 100%;\" class=\"ml-slider-3-102-0 metaslider metaslider-flex metaslider-5488 ml-slider has-dots-nav ms-theme-architekt\" role=\"region\" aria-label=\"New Slideshow\" data-height=\"450\" data-width=\"700\">\n    <div id=\"metaslider_container_5488\">\n        <div id=\"metaslider_5488\">\n            <ul class='slides'>\n                <li style=\"display: block; width: 100%;\" class=\"slide-5489 ms-image \" aria-roledescription=\"slide\" data-date=\"2025-06-18 19:36:56\" data-slide-type=\"image\"><img loading=\"lazy\" decoding=\"async\" src=\"https:\/\/ajrm.de\/wp-content\/uploads\/2024\/10\/Header_2025_Deutsch-e1729588635763-700x450.jpg\" height=\"450\" width=\"700\" alt=\"\" class=\"slider-5488 slide-5489 msDefaultImage\" title=\"Header_2025_Deutsch\" \/><\/li>\n            <\/ul>\n        <\/div>\n        \n    <\/div>\n<\/div><\/div>\n\n\n\n<div class=\"wp-block-group\"><div class=\"wp-block-group__inner-container is-layout-constrained wp-block-group-is-layout-constrained\">\n<h2 class=\"wp-block-heading has-text-align-center premio\">PREMIO WALTER WITTKE 2025<\/h2>\n\n\n\n<p>La fundaci\u00f3n Walter Wittke fomenta la ciencia e investigaci\u00f3n en el campo de la mec\u00e1nica de rocas. Un foco particular est\u00e1 en la captaci\u00f3n del comportamiento de mec\u00e1nica de rocas de los macizos rocosos fracturados en el sentido del modelo AJRM (Anisotropic Jointed Rock Model).<\/p>\n\n\n\n<p>Con este prop\u00f3sito se ortoga anualmente el premio Walter Wittke por publicaciones sobresalientes as\u00ed como por proyectos del ambito de construcci\u00f3n o minero, los cuales representan un avance con respecto a la captaci\u00f3n del comportamiento de mec\u00e1nica de rocas de los macizos rocosos fracturados en el sentido del AJRM (Anisotropic Jointed Rock Model). Adem\u00e1s es posible fomentar proyectos de investigaci\u00f3n en estas materias.<\/p>\n\n\n\n<h2 class=\"wp-block-heading has-text-align-center\">FUNDADOR<\/h2>\n\n\n\n<p class=\"has-text-align-center\">Fundaci\u00f3n Walter Wittke, Weinheim, Alemania.<\/p>\n\n\n\n<h2 class=\"wp-block-heading has-text-align-center\">PREMIOS Y SU ENTREGA<\/h2>\n\n\n\n<p>Cada a\u00f1o se ortoga un premio. El premio consiste de un certificado, una escultura, un libro y un importe de 5.000,00 \u20ac.<\/p>\n\n\n\n<p>El premio se ortoga en el contexto de la jornada de mec\u00e1nica de rocas y t\u00faneles antes de un foro de expertos (<strong><a href=\"http:\/\/www.felsmechanik.eu\/\" target=\"_blank\" rel=\"noreferrer noopener\">www.felsmechanik.eu<\/a><\/strong>).<\/p>\n<\/div><\/div>\n\n\n\n<div class=\"wp-block-coblocks-accordion\">\n<div class=\"wp-block-coblocks-accordion-item condiciones\"><details><summary class=\"wp-block-coblocks-accordion-item__title\">CONDICIONES DE PARTICIPACI\u00d3N<\/summary><div class=\"wp-block-coblocks-accordion-item__content\">\n<h2 class=\"wp-block-heading has-text-align-center\">CONDICIONES DE PARTICIPACI\u00d3N<\/h2>\n\n\n\n<p>Se autoriza a participar con publicaciones sobresalientes, con proyectos o con proyectos de investigaci\u00f3n en los campos de la ingenier\u00eda o de la miner\u00eda, los cuales representan un avance referente a la captaci\u00f3n del comportamiento de mec\u00e1nica de rocas de los macizos rocosos fracturados en el sentido del modelo AJRM (Anisotropic Jointed Rock Model).<\/p>\n\n\n\n<h2 class=\"wp-block-heading has-text-align-center\">DOCUMENTOS A ENTREGAR<\/h2>\n\n\n\n<p>El formulario de solicitud cumplimentado<\/p>\n\n\n\n<p>y dependiendo del caso<\/p>\n\n\n\n<p>&gt; un informe explicativo sobre el proyecto o proyecto de investigaci\u00f3n, complementado con ilustraciones adecuadas y f\u00e1cilmente reconocibles.<\/p>\n\n\n\n<p>&gt; Los documentos deben mostrar claramente el contenido y el progreso en el sector de la mec\u00e1nica de rocas en el sentido mencionado.<\/p>\n\n\n\n<p>Todos los documentos deben ser de calidad suficiente en cuanto a su contenido y forma para permitir una evaluaci\u00f3n.<\/p>\n\n\n\n<p>Las solicitudes y publicaciones pueden presentarse en alem\u00e1n, ingl\u00e9s o espa\u00f1ol.<\/p>\n\n\n\n<p>No se permiten otros idiomas.<\/p>\n\n\n\n<h2 class=\"wp-block-heading has-text-align-center\">COSTO<\/h2>\n\n\n\n<p class=\"has-text-align-left\">No se requiere ninguna cuota de participaci\u00f3n.<\/p>\n\n\n\n<h2 class=\"wp-block-heading has-text-align-center\">DECLARACI\u00d3N DE ACEPTACI\u00d3N<\/h2>\n\n\n\n<p>Al participar en el procedimiento, todos los participantes declaran su acuerdo con el contenido y las disposiciones de la convocatoria y las Normas de protecci\u00f3n de datos.<\/p>\n\n\n\n<h2 class=\"wp-block-heading has-text-align-center\">ENTREGA<\/h2>\n\n\n\n<p>Los documentos de solicitud deben recibirse antes del 01.04.2025. Ya sea por medio de subirlos al red o por correo postal a WBI GmbH, Im Technologiepark 3, 69469 Weinheim. Los documentos recibidos despu\u00e9s de la fecha mencionada, se excluir\u00e1n del procedimiento.<\/p>\n<\/div><\/details><\/div>\n\n\n\n<div class=\"wp-block-coblocks-accordion-item seleccion\"><details><summary class=\"wp-block-coblocks-accordion-item__title\">SELECCI\u00d3N<\/summary><div class=\"wp-block-coblocks-accordion-item__content\">\n<h2 class=\"wp-block-heading has-text-align-center\">JURADO<\/h2>\n\n\n\n<p>Un comit\u00e9 que consiste de representantes de varias \u00e1reas de la ingenier\u00eda civil y de los accionistas de WBI GmbH decide sobre los premios y los proyectos de investigaci\u00f3n que se financiar\u00e1n.<\/p>\n\n\n\n<h2 class=\"wp-block-heading has-text-align-center\">CRITERIOS<\/h2>\n\n\n\n<p>Los documentos entregados deben facilitar la evaluaci\u00f3n del avance conseguido referente a la captaci\u00f3n del comportamiento de mec\u00e1nica de rocas de los macizos rocosos fracturados en el sentido del AJRM (Anisotropic Jointed Rock Model).<\/p>\n\n\n\n<p>No se presentar\u00e1 una justificaci\u00f3n del comit\u00e9 para la elecci\u00f3n del premiado conforme al criterio antes mencionado. No es posible reclamar contra la elecci\u00f3n del comit\u00e9.<\/p>\n<\/div><\/details><\/div>\n\n\n\n<div class=\"wp-block-coblocks-accordion-item publicacion\"><details><summary class=\"wp-block-coblocks-accordion-item__title\">PUBLICACI\u00d3N<\/summary><div class=\"wp-block-coblocks-accordion-item__content\">\n<p>Los trabajos o proyectos seleccionados por el comit\u00e9 se publicar\u00e1n como contribuciones en la edici\u00f3n de la jornada de mec\u00e1nica de rocas y t\u00faneles (WBI- Print). Estas publicaciones se distribuir\u00e1n a los participantes de la jornada y posteriormente estar\u00e1n disponibles para su descarga en la p\u00e1gina web de la WBI GmbH. Adem\u00e1s, los premiadores y sus trabajos se anunciar\u00e1n en esta p\u00e1gina web y en <strong><a href=\"http:\/\/www.wbionline.de\/\" target=\"_blank\" rel=\"noreferrer noopener\">www.wbionline.de<\/a> <\/strong>. Las fotos de la ceremonia de entrega de premios tambi\u00e9n se publicar\u00e1n en <strong><a href=\"http:\/\/www.felsmechanik.eu\/\" target=\"_blank\" rel=\"noreferrer noopener\">www.felsmechanik.eu<\/a><\/strong>.<\/p>\n\n\n\n<p>Al participar en el proceso de selecci\u00f3n, los participantes dan su consentimiento para la presentaci\u00f3n y publicaci\u00f3n de su trabajo en caso de que sea premiado. Los laureados ser\u00e1n mencionados con sus nombres.<\/p>\n<\/div><\/details><\/div>\n\n\n\n<div class=\"wp-block-coblocks-accordion-item laureados\"><details><summary class=\"wp-block-coblocks-accordion-item__title\">PREMIADOS<\/summary><div class=\"wp-block-coblocks-accordion-item__content\">\n<h2 class=\"wp-block-heading has-text-align-center\">2017<\/h2>\n\n\n\n<p>El premio Walter Wittke 2017 se ortogu\u00f3 a la DB Projekt Stuttgart \u2013 Ulm GmbH en reconocimiento del avance considerable que se logr\u00f3 en el contexto del proyecto ferroviario Stuttgart \u2013 Ulm referente a la captaci\u00f3n del comportamiento de mec\u00e1nica de rocas de las unidades de las formaciones del Keuper y del Jura.<\/p>\n\n\n\n<p>Como representante de todos los que participan en este proyecto, el premio se entregu\u00f3 al Sr. Dipl.-Wirt.-Ing. Manfred Leger.<\/p>\n\n\n\n<h2 class=\"wp-block-heading has-text-align-center\">2018<\/h2>\n\n\n\n<p>El Premio Walter Wittke 2018 se otorg\u00f3 a Qatar Rail \u2013 por \u201cliving an attitude of technical comprehension, openness to technical progress and courage &#8211; and for supporting the implementation of the AJRM method where applicable and adequate\u201d.<\/p>\n\n\n\n<p>Como representantes de la organizaci\u00f3n, el premio se entreg\u00f3 al director del proyecto de la Green Line Eng. Jassim Al Ansari y al director de Obras Civiles Eng. Marin Griguta.<\/p>\n\n\n\n<h2 class=\"wp-block-heading has-text-align-center\">2019<\/h2>\n\n\n\n<p>El Premio Walter Wittke 2019 se otorg\u00f3 a Dra. Anna Ramon Tarragona, de la Universitat Polit\u00e8cnica de Catalunya (UPC), por su tesis \u00abMecanismos de expansi\u00f3n en rocas y suelos sulfatados\u00bb. Dra. Ram\u00f3n Tarragona ha investigado el fen\u00f3meno de la expansi\u00f3n y su efecto en las obras de infraestructura. Ha compilado y evaluado numerosos datos y resultados de mediciones de proyectos realizados en Espa\u00f1a. Analiz\u00f3 los procesos de expansi\u00f3n desde un punto de vista qu\u00edmico-termodin\u00e1mico e hidromec\u00e1nico, desarroll\u00f3 un modelo, deriv\u00f3 las ecuaciones correspondientes y las implement\u00f3 en un modelo num\u00e9rico. Luego utiliz\u00f3 ese modelo num\u00e9rico para retroanalizar los proyectos antes mencionados. En sus consideraciones tuvo en cuenta las propiedades de los macizos rocosos fracturados.<\/p>\n<\/div><\/details><\/div>\n\n\n\n<div class=\"wp-block-coblocks-accordion-item formularios\"><details><summary class=\"wp-block-coblocks-accordion-item__title\">FORMULARIOS, BAJAR Y SUBIR AL RED<\/summary><div class=\"wp-block-coblocks-accordion-item__content\">\n<p><strong><a href=\"https:\/\/ajrm.de\/es\/formulario-de-solicitud\/\" target=\"_blank\" rel=\"noreferrer noopener\"><strong><\/strong><\/a><strong><a href=\"https:\/\/ajrm.de\/es\/formulario-de-solicitud\/\" target=\"_blank\" rel=\"noreferrer noopener\">Formulario de solicitud<\/a><\/strong><\/strong><\/p>\n\n\n\n<p><strong><a href=\"https:\/\/ajrm.de\/es\/folleto-sobre-el-premio-walter-wittke\/\" target=\"_blank\" rel=\"noreferrer noopener\"><strong><\/strong><\/a><strong><a href=\"https:\/\/ajrm.de\/es\/folleto-sobre-el-premio-walter-wittke\/\" target=\"_blank\" rel=\"noreferrer noopener\">Folleto sobre el premio Walter Wittke<\/a><\/strong><\/strong><\/p>\n\n\n\n<p>Opci\u00f3n para subir archivos \u00abpdf\u00bb al red<\/p>\n\n\n\n<div class=\"wp-block-contact-form-7-contact-form-selector\">\n<div class=\"wpcf7 no-js\" id=\"wpcf7-f3824-o1\" lang=\"de-DE\" dir=\"ltr\" data-wpcf7-id=\"3824\">\n<div class=\"screen-reader-response\"><p role=\"status\" aria-live=\"polite\" aria-atomic=\"true\"><\/p> <ul><\/ul><\/div>\n<form action=\"\/es\/wp-json\/wp\/v2\/pages\/5634#wpcf7-f3824-o1\" method=\"post\" class=\"wpcf7-form init\" aria-label=\"Kontaktformular\" enctype=\"multipart\/form-data\" novalidate=\"novalidate\" data-status=\"init\">\n<fieldset class=\"hidden-fields-container\"><input type=\"hidden\" name=\"_wpcf7\" value=\"3824\" \/><input type=\"hidden\" name=\"_wpcf7_version\" value=\"6.1.3\" \/><input type=\"hidden\" name=\"_wpcf7_locale\" value=\"de_DE\" \/><input type=\"hidden\" name=\"_wpcf7_unit_tag\" value=\"wpcf7-f3824-o1\" \/><input type=\"hidden\" name=\"_wpcf7_container_post\" value=\"0\" \/><input type=\"hidden\" name=\"_wpcf7_posted_data_hash\" value=\"\" \/>\n<\/fieldset>\n<p><span id=\"wpcf7-69dc2165cb15c-wrapper\" class=\"wpcf7-form-control-wrap honeypot-46-wrap\" style=\"display:none !important; visibility:hidden !important;\"><label for=\"wpcf7-69dc2165cb15c-field\" class=\"hp-message\">Bitte lasse dieses Feld leer.<\/label><input id=\"wpcf7-69dc2165cb15c-field\"  class=\"wpcf7-form-control wpcf7-text\" type=\"text\" name=\"honeypot-46\" value=\"\" size=\"40\" tabindex=\"-1\" autocomplete=\"new-password\" \/><\/span>\n<\/p>\n<p><label> <span class=\"wpcf7-form-control-wrap multifile-728\"><input size=\"40\" class=\"wpcf7-form-control wpcf7-multifile wpcf7-validates-as-required\" multiple=\"multiple\" aria-required=\"true\" aria-invalid=\"false\" type=\"file\" name=\"multifile-728[]\" \/><\/span> <\/label>\n<\/p>\n<div class=\"clear_column\">\n<\/div>\n<p><label> <span class=\"wpcf7-form-control-wrap\" data-name=\"email-339\"><input size=\"40\" maxlength=\"400\" class=\"wpcf7-form-control wpcf7-email wpcf7-validates-as-required wpcf7-text wpcf7-validates-as-email\" aria-required=\"true\" aria-invalid=\"false\" placeholder=\"correo electr\u00f3nico\" value=\"\" type=\"email\" name=\"email-339\" \/><\/span><\/label>\n<\/p>\n<div class=\"clear_column\">\n<\/div>\n<p><label> <span class=\"wpcf7-form-control-wrap\" data-name=\"text-457\"><input size=\"40\" maxlength=\"400\" class=\"wpcf7-form-control wpcf7-text wpcf7-validates-as-required\" aria-required=\"true\" aria-invalid=\"false\" placeholder=\"nombre\" value=\"\" type=\"text\" name=\"text-457\" \/><\/span><\/label>\n<\/p>\n<div class=\"clear_column\">\n<\/div>\n<p><label> <input class=\"wpcf7-form-control wpcf7-submit has-spinner\" type=\"submit\" value=\"enviar\" \/><\/label>\n<\/p>\n<div class=\"clear_column\">\n<\/div><div class=\"wpcf7-response-output\" aria-hidden=\"true\"><\/div>\n<\/form>\n<\/div>\n<\/div>\n<\/div><\/details><\/div>\n<\/div>\n","protected":false},"excerpt":{"rendered":"<p>PREMIO WALTER WITTKE 2025 La fundaci\u00f3n Walter Wittke fomenta la ciencia e investigaci\u00f3n en el campo de la mec\u00e1nica de rocas. Un foco particular est\u00e1 en la captaci\u00f3n del comportamiento de mec\u00e1nica de rocas de los macizos rocosos fracturados en el sentido del modelo AJRM (Anisotropic Jointed Rock Model). Con este prop\u00f3sito se ortoga anualmente&hellip;&nbsp;<a href=\"https:\/\/ajrm.de\/es\/\" rel=\"bookmark\"><span class=\"screen-reader-text\">PREMIO WALTER WITTKE<\/span><\/a><\/p>\n","protected":false},"author":10,"featured_media":0,"parent":0,"menu_order":0,"comment_status":"closed","ping_status":"closed","template":"","meta":{"_coblocks_attr":"","_coblocks_dimensions":"","_coblocks_responsive_height":"","_coblocks_accordion_ie_support":"","neve_meta_sidebar":"","neve_meta_container":"","neve_meta_enable_content_width":"","neve_meta_content_width":0,"neve_meta_title_alignment":"","neve_meta_author_avatar":"","neve_post_elements_order":"","neve_meta_disable_header":"","neve_meta_disable_footer":"","neve_meta_disable_title":"","footnotes":""},"class_list":["post-5634","page","type-page","status-publish","hentry"],"_links":{"self":[{"href":"https:\/\/ajrm.de\/es\/wp-json\/wp\/v2\/pages\/5634","targetHints":{"allow":["GET"]}}],"collection":[{"href":"https:\/\/ajrm.de\/es\/wp-json\/wp\/v2\/pages"}],"about":[{"href":"https:\/\/ajrm.de\/es\/wp-json\/wp\/v2\/types\/page"}],"author":[{"embeddable":true,"href":"https:\/\/ajrm.de\/es\/wp-json\/wp\/v2\/users\/10"}],"replies":[{"embeddable":true,"href":"https:\/\/ajrm.de\/es\/wp-json\/wp\/v2\/comments?post=5634"}],"version-history":[{"count":5,"href":"https:\/\/ajrm.de\/es\/wp-json\/wp\/v2\/pages\/5634\/revisions"}],"predecessor-version":[{"id":5740,"href":"https:\/\/ajrm.de\/es\/wp-json\/wp\/v2\/pages\/5634\/revisions\/5740"}],"wp:attachment":[{"href":"https:\/\/ajrm.de\/es\/wp-json\/wp\/v2\/media?parent=5634"}],"curies":[{"name":"wp","href":"https:\/\/api.w.org\/{rel}","templated":true}]}}