{"id":5617,"date":"2025-06-25T09:52:38","date_gmt":"2025-06-25T07:52:38","guid":{"rendered":"https:\/\/ajrm.de\/?page_id=5617"},"modified":"2025-06-25T10:07:50","modified_gmt":"2025-06-25T08:07:50","slug":"aviso-legal","status":"publish","type":"page","link":"https:\/\/ajrm.de\/es\/aviso-legal\/","title":{"rendered":"AVISO LEGAL"},"content":{"rendered":"<div class=\"outer c3\">\n<div id=\"c684\" class=\"csc-default\">\n<p class=\"bodytext\">Walter Wittke Stiftung<br \/>\nunter der Treuhand der<br \/>\nWBI GmbH<br \/>\nIm Technologiepark 3<br \/>\nD-69469 Weinheim<\/p>\n<p class=\"bodytext\">Gesch\u00e4ftsf\u00fchrer:<br \/>\nProf. Dr.-Ing. Walter Wittke, Dr.-Ing. Claus Erichsen,<br \/>\nDr.-Ing. Bettina Wittke-Schmitt, Dr.-Ing. Martin Wittke<\/p>\n<p class=\"bodytext\">Mitglieder der Ingenieurkammer Bau NRW<\/p>\n<p class=\"bodytext\">Fon: +49 6201 2599-0<br \/>\nE-Mail:<span style=\"color: #000000;\"><strong><a style=\"color: #000000;\" href=\"mailto:wbi@wbionline.de\">wbi@wbionline.de<\/a><\/strong><\/span><\/p>\n<p class=\"bodytext\">Registergericht: Amtsgericht Mannheim<br \/>\nRegisternummer: HRB 716012<br \/>\nUmsatzsteuer-Identifikationsnummer: DE 121687772<\/p>\n<\/div>\n<\/div>\n<div class=\"outer c3\">\n<div id=\"c685\" class=\"csc-default\">\n<h3 class=\"double\">Haftungshinweis<\/h3>\n<p class=\"bodytext\">Wir bem\u00fchen uns, dass die Inhalte auf unserer Website stets zutreffend sind.<br \/>\nEine Haftung oder Garantie f\u00fcr die Richtigkeit, Vollst\u00e4ndigkeit, Aktualit\u00e4t der<br \/>\nver\u00f6ffentlichten Daten und Informationen ist jedoch ausgeschlossen. Dies gilt<br \/>\nauch f\u00fcr alle anderen Websites, auf die durch einen Hyperlink verwiesen wird. Wir<br \/>\nweisen darauf hin, dass wir f\u00fcr den Inhalt der Websites, die \u00fcber einen Hyperlink<br \/>\nvon unserer Website erreicht werden, in keiner Weise verantwortlich sind. Wir<br \/>\nbehalten uns das Recht vor, ohne Ank\u00fcndigungen \u00c4nderungen oder<br \/>\nErg\u00e4nzungen auf dieser Website vorzunehmen.<\/p>\n<\/div>\n<\/div>\n","protected":false},"excerpt":{"rendered":"<p>Walter Wittke Stiftung unter der Treuhand der WBI GmbH Im Technologiepark 3 D-69469 Weinheim Gesch\u00e4ftsf\u00fchrer: Prof. Dr.-Ing. Walter Wittke, Dr.-Ing. Claus Erichsen, Dr.-Ing. Bettina Wittke-Schmitt, Dr.-Ing. Martin Wittke Mitglieder der Ingenieurkammer Bau NRW Fon: +49 6201 2599-0 E-Mail:wbi@wbionline.de Registergericht: Amtsgericht Mannheim Registernummer: HRB 716012 Umsatzsteuer-Identifikationsnummer: DE 121687772 Haftungshinweis Wir bem\u00fchen uns, dass die Inhalte auf&hellip;&nbsp;<a href=\"https:\/\/ajrm.de\/es\/aviso-legal\/\" rel=\"bookmark\"><span class=\"screen-reader-text\">AVISO LEGAL<\/span><\/a><\/p>\n","protected":false},"author":10,"featured_media":0,"parent":0,"menu_order":0,"comment_status":"closed","ping_status":"closed","template":"","meta":{"_coblocks_attr":"","_coblocks_dimensions":"","_coblocks_responsive_height":"","_coblocks_accordion_ie_support":"","neve_meta_sidebar":"","neve_meta_container":"","neve_meta_enable_content_width":"","neve_meta_content_width":0,"neve_meta_title_alignment":"","neve_meta_author_avatar":"","neve_post_elements_order":"","neve_meta_disable_header":"","neve_meta_disable_footer":"","neve_meta_disable_title":"","footnotes":""},"class_list":["post-5617","page","type-page","status-publish","hentry"],"_links":{"self":[{"href":"https:\/\/ajrm.de\/es\/wp-json\/wp\/v2\/pages\/5617","targetHints":{"allow":["GET"]}}],"collection":[{"href":"https:\/\/ajrm.de\/es\/wp-json\/wp\/v2\/pages"}],"about":[{"href":"https:\/\/ajrm.de\/es\/wp-json\/wp\/v2\/types\/page"}],"author":[{"embeddable":true,"href":"https:\/\/ajrm.de\/es\/wp-json\/wp\/v2\/users\/10"}],"replies":[{"embeddable":true,"href":"https:\/\/ajrm.de\/es\/wp-json\/wp\/v2\/comments?post=5617"}],"version-history":[{"count":2,"href":"https:\/\/ajrm.de\/es\/wp-json\/wp\/v2\/pages\/5617\/revisions"}],"predecessor-version":[{"id":5700,"href":"https:\/\/ajrm.de\/es\/wp-json\/wp\/v2\/pages\/5617\/revisions\/5700"}],"wp:attachment":[{"href":"https:\/\/ajrm.de\/es\/wp-json\/wp\/v2\/media?parent=5617"}],"curies":[{"name":"wp","href":"https:\/\/api.w.org\/{rel}","templated":true}]}}